{"id":1085,"date":"2026-02-27T13:01:20","date_gmt":"2026-02-27T12:01:20","guid":{"rendered":"https:\/\/laser-run-shop.de\/?post_type=product&#038;p=1085"},"modified":"2026-04-09T16:05:18","modified_gmt":"2026-04-09T14:05:18","slug":"ecoaims-lr500exp-laser-gewehr","status":"publish","type":"product","link":"https:\/\/laser-run-shop.de\/en\/product\/ecoaims-lr500exp-laser-gewehr\/","title":{"rendered":"Ecoaims LR500EXP Biathlon Laser Gewehr"},"content":{"rendered":"<p>Das <a href=\"https:\/\/laser-run-shop.de\/en\/product-category\/ecoaims\/\">Ecoaims<\/a> LR500EXP Laser Gewehr ist das Einsteigermodell speziell f\u00fcr junge Sportler*Innen! Durch das geringe Gewicht in Kombination mit der stabilen Verarbeitung und dem &#8222;Always-On&#8220;-Prinzip ist es auch perfekt f\u00fcr den Vereins- oder Schulsport geeignet! Die lange Laufzeit der Batterien sorgt f\u00fcr ein unkompliziertes Handling des Gewehrs &#8211; eine LED zeigt an, wenn die Batterien langsam leer werden. Diese k\u00f6nnen dann nat\u00fcrlich problemlos getauscht werden.<\/p>\n<p>Mit Zusatzgewichten und verschiedenen Anpassungsm\u00f6glichkeiten ist das Gewehr f\u00fcr alle Altersklassen geeignet<\/p>\n<ul>\n<li>kompatibel mit allen Ecoaims Hit&amp;Miss Zielen<\/li>\n<li>Batteriebetrieb mit 2 CR2032 Zellen &#8211; 250.000 Schuss (3+ Jahre, je nach H\u00e4ufigkeit der Benutzung) ohne Wechsel, danach austauschbar!<\/li>\n<li>Speed Loading f\u00fcr rechts- und linksh\u00e4nder bedienbar<\/li>\n<li>Abzugdistanz kann eingestellt werden<\/li>\n<li>anpassbarer Griff (Einheitsgr\u00f6\u00dfe), f\u00fcr rechts- und linksh\u00e4nder geeignet<\/li>\n<li>verschiedene Farbkombinationen m\u00f6glich<\/li>\n<li>Designed und Produktion durch Ecoaims Finland<\/li>\n<\/ul>\n<p>Optional: LT50EXP &#8222;Biathlon&#8220;:<\/p>\n<p>aus einer 10 m Distanz kann das LT50EXP mit magnetischen Auflagen (A) oder (B) ausgestattet werden, um ein Schie\u00dfen auf 50m Distanz zu simulieren:<\/p>\n<ul>\n<li>Ohne Auflage aus 10m: Schuss\u00fcbungen f\u00fcr Anf\u00e4nger<\/li>\n<li>Mit Standardauflage aus 10m: Simuliert stehend Schie\u00dfen (50m)<\/li>\n<li>Mit Auflage A aus 10m: Simuliert liegend Schie\u00dfen &#8222;Junior&#8220; (verk\u00fcrzte Distanz)<\/li>\n<li>Mit Auflage B aus 10m: Simuliert liegend Schie\u00dfen (50m)<\/li>\n<\/ul>\n<p>Lieferumfang des <a href=\"https:\/\/laser-run-shop.de\/en\/product-category\/ecoaims\/\">Ecoaims<\/a> LR500EXP Laser Gewehrs:<\/p>\n<ul>\n<li>Gewehr<\/li>\n<li>Koffer<\/li>\n<li>Werkzeugset<\/li>\n<li>Anleitung (englisch)<\/li>\n<li>optional: LT50EXP Ziel (mit Biathlonauflagen zur Simulation der 50m liegend\/stehend Distanz)<\/li>\n<\/ul>\n<p>&nbsp;<\/p>\n<p>Siehe: <a href=\"https:\/\/www.ecoaims.com\/products\/optical-rifles\/biathlon-sets\/lr500exp-electronic-biathlon-laser-rifle\/\">Ecoaims.com<\/a><\/p>","protected":false},"excerpt":{"rendered":"<p>Achtung: Ecoaims Produkte unterliegen einer Preisbindung durch den Hersteller. Es sollte nicht passieren, aber im Falle von abweichenden Bruttopreisen zu ecoaims.com gelten die dort dargestellten Preise. Die Produkte m\u00fcssen au\u00dferdem in der Regel bei Ecoaims bestellt werden, entsprechend ist mit Lieferzeit zu rechnen! Der Versand erfolgt direkt von Ecoaims aus Finland. Abh\u00e4ngig von der Art und Anzahl der ausgew\u00e4hlten Produkte variiert der Versandpreis und ist vergleichsweise teuer (weil international).<\/p>\n<p>Aus diesen Gr\u00fcnden wird bei Ecoaims Produkten ein individuelles Angebot erstellt, auf dem alle anfallen Kosten und die voraussichtliche Lieferzeit ersichtlich sind.<\/p>","protected":false},"featured_media":1090,"template":"","meta":{"neve_meta_sidebar":"","neve_meta_container":"","neve_meta_enable_content_width":"off","neve_meta_content_width":70,"neve_meta_title_alignment":"","neve_meta_author_avatar":"","neve_post_elements_order":"","neve_meta_disable_header":"","neve_meta_disable_footer":"","neve_meta_disable_title":""},"product_brand":[],"product_cat":[25,51],"product_tag":[],"class_list":{"0":"post-1085","1":"product","2":"type-product","3":"status-publish","4":"has-post-thumbnail","6":"product_cat-ecoaims","7":"product_cat-laser","8":"product_shipping_class-gewehr","10":"first","11":"onbackorder","12":"taxable","13":"shipping-taxable","14":"purchasable","15":"product-type-variable"},"_links":{"self":[{"href":"https:\/\/laser-run-shop.de\/en\/wp-json\/wp\/v2\/product\/1085","targetHints":{"allow":["GET"]}}],"collection":[{"href":"https:\/\/laser-run-shop.de\/en\/wp-json\/wp\/v2\/product"}],"about":[{"href":"https:\/\/laser-run-shop.de\/en\/wp-json\/wp\/v2\/types\/product"}],"wp:featuredmedia":[{"embeddable":true,"href":"https:\/\/laser-run-shop.de\/en\/wp-json\/wp\/v2\/media\/1090"}],"wp:attachment":[{"href":"https:\/\/laser-run-shop.de\/en\/wp-json\/wp\/v2\/media?parent=1085"}],"wp:term":[{"taxonomy":"product_brand","embeddable":true,"href":"https:\/\/laser-run-shop.de\/en\/wp-json\/wp\/v2\/product_brand?post=1085"},{"taxonomy":"product_cat","embeddable":true,"href":"https:\/\/laser-run-shop.de\/en\/wp-json\/wp\/v2\/product_cat?post=1085"},{"taxonomy":"product_tag","embeddable":true,"href":"https:\/\/laser-run-shop.de\/en\/wp-json\/wp\/v2\/product_tag?post=1085"}],"curies":[{"name":"wp","href":"https:\/\/api.w.org\/{rel}","templated":true}]}}