{"id":1102,"date":"2026-02-27T15:28:09","date_gmt":"2026-02-27T14:28:09","guid":{"rendered":"https:\/\/laser-run-shop.de\/?post_type=product&#038;p=1102"},"modified":"2026-04-09T16:05:06","modified_gmt":"2026-04-09T14:05:06","slug":"ecoaims-biathlon-set-optisch","status":"publish","type":"product","link":"https:\/\/laser-run-shop.de\/en\/product\/ecoaims-biathlon-set-optisch\/","title":{"rendered":"Ecoaims Biathlon Set optisch (Gewehr + Display\/Software)"},"content":{"rendered":"<p>Das optische <a href=\"https:\/\/laser-run-shop.de\/en\/product-category\/ecoaims\/\">Ecoaims<\/a> Biathlon Gewehr ist das Profimodell f\u00fcr h\u00f6hste Anspr\u00fcche! Durch die hochpr\u00e4zise Kameratechnik kann auf Profiniveau trainiert werden!<\/p>\n<p>Mit Zusatzgewichten und verschiedenen Anpassungsm\u00f6glichkeiten ist das Gewehr f\u00fcr alle Altersklassen geeignet und individuell einstellbar<\/p>\n<ul>\n<li>kompatibel mit allen kamerabasierten Ecoaims Zielen<\/li>\n<li>akkubetrieben, wiederaufladbar \u00fcber Mini USB Port<\/li>\n<li>f\u00fcr rechts- und linksh\u00e4nder geeignet<\/li>\n<li>mit einem 30mm Spot Ziel<\/li>\n<li>wahlweise mit einem 5*30mm Spot Ziel in Standard oder &#8222;Heavy Duty&#8220; Ausf\u00fchrung in besonders robuster Verarbeitung<\/li>\n<li>wahlweise mit Windows-Software oder E-Di3 Displayeinheit zur Darstellung der Ergebnisse<\/li>\n<li>wahlweise mit Holz- oder Kunststoffbody in verschiedenen Farben* (bitte als Kommentar in der Bestellung angeben)<\/li>\n<li>incl. Koffer<\/li>\n<li>Design und Produktion durch Ecoaims Finland<\/li>\n<\/ul>\n<p>&nbsp;<\/p>\n<p>Siehe: <a href=\"https:\/\/www.ecoaims.com\/products\/category\/optical-rifles\/biathlon-sets\/\">Ecoaims.com<\/a><\/p>\n<p>Schussmodi:<\/p>\n<ul data-start=\"150\" data-end=\"559\">\n<li data-start=\"235\" data-end=\"433\">\n<p data-start=\"237\" data-end=\"433\">&#8222;Zeitstrafe&#8220;, &#8222;Schnellfeuer&#8220;, &#8222;steigende Schwierigkeit&#8220;, &#8222;ISSF shooting&#8220;, &#8222;Moderner F\u00fcnfkampf&#8220;, &#8222;AH standing shooting&#8220;, &#8222;AH prone shooting&#8220; und &#8222;Training&#8220;.<\/p>\n<\/li>\n<li data-start=\"434\" data-end=\"559\">\n<p data-start=\"436\" data-end=\"559\">Schusseinstellungen konfigurierbar (Strafzeiten, Trefferlimits, Anzahl Sch\u00fcsse, Anzahl Serien, uvm.)<\/p>\n<\/li>\n<\/ul>\n<p>&nbsp;<\/p>\n<p>* \u00a0Farben:<\/p>\n<ul>\n<li>Hauptfarben: blau, orange, grau, schwarz<\/li>\n<li>Akzentfarben: schwarz, blau, orange, grau<\/li>\n<\/ul>","protected":false},"excerpt":{"rendered":"<p>Achtung: Ecoaims Produkte unterliegen einer Preisbindung durch den Hersteller. Es sollte nicht passieren, aber im Falle von abweichenden Bruttopreisen zu ecoaims.com gelten die dort dargestellten Preise. Die Produkte m\u00fcssen au\u00dferdem in der Regel bei Ecoaims bestellt werden, entsprechend ist mit Lieferzeit zu rechnen! Der Versand erfolgt direkt von Ecoaims aus Finland. Abh\u00e4ngig von der Art und Anzahl der ausgew\u00e4hlten Produkte variiert der Versandpreis und ist vergleichsweise teuer (weil international).<\/p>\n<p>Aus diesen Gr\u00fcnden wird bei Ecoaims Produkten ein individuelles Angebot erstellt, auf dem alle anfallen Kosten und die voraussichtliche Lieferzeit ersichtlich sind.<\/p>","protected":false},"featured_media":1122,"template":"","meta":{"neve_meta_sidebar":"","neve_meta_container":"","neve_meta_enable_content_width":"off","neve_meta_content_width":70,"neve_meta_title_alignment":"","neve_meta_author_avatar":"","neve_post_elements_order":"","neve_meta_disable_header":"","neve_meta_disable_footer":"","neve_meta_disable_title":""},"product_brand":[],"product_cat":[25,52],"product_tag":[],"class_list":{"0":"post-1102","1":"product","2":"type-product","3":"status-publish","4":"has-post-thumbnail","6":"product_cat-ecoaims","7":"product_cat-optisch","8":"product_shipping_class-gewehr","10":"first","11":"instock","12":"taxable","13":"shipping-taxable","14":"purchasable","15":"product-type-variable","16":"has-default-attributes"},"_links":{"self":[{"href":"https:\/\/laser-run-shop.de\/en\/wp-json\/wp\/v2\/product\/1102","targetHints":{"allow":["GET"]}}],"collection":[{"href":"https:\/\/laser-run-shop.de\/en\/wp-json\/wp\/v2\/product"}],"about":[{"href":"https:\/\/laser-run-shop.de\/en\/wp-json\/wp\/v2\/types\/product"}],"wp:featuredmedia":[{"embeddable":true,"href":"https:\/\/laser-run-shop.de\/en\/wp-json\/wp\/v2\/media\/1122"}],"wp:attachment":[{"href":"https:\/\/laser-run-shop.de\/en\/wp-json\/wp\/v2\/media?parent=1102"}],"wp:term":[{"taxonomy":"product_brand","embeddable":true,"href":"https:\/\/laser-run-shop.de\/en\/wp-json\/wp\/v2\/product_brand?post=1102"},{"taxonomy":"product_cat","embeddable":true,"href":"https:\/\/laser-run-shop.de\/en\/wp-json\/wp\/v2\/product_cat?post=1102"},{"taxonomy":"product_tag","embeddable":true,"href":"https:\/\/laser-run-shop.de\/en\/wp-json\/wp\/v2\/product_tag?post=1102"}],"curies":[{"name":"wp","href":"https:\/\/api.w.org\/{rel}","templated":true}]}}