{"id":26,"date":"2020-09-23T09:21:08","date_gmt":"2020-09-23T07:21:08","guid":{"rendered":"http:\/\/laser-run-shop.de\/produkt\/import-placeholder-for-3025\/"},"modified":"2023-06-16T15:08:12","modified_gmt":"2023-06-16T13:08:12","slug":"hitmiss-zielhilfe-plus","status":"publish","type":"product","link":"https:\/\/laser-run-shop.de\/en\/product\/hitmiss-zielhilfe-plus\/","title":{"rendered":"Hit&amp;Miss Zielhilfe &#8222;Plus&#8220;"},"content":{"rendered":"<p>Eine 3d-gedruckte Auflage f\u00fcr Hit&amp;Miss Ziele um die Trefferfl\u00e4che auf eine &#8222;Plus&#8220;-Form zu verkleinern. Die freie Trefferfl\u00e4che erstreckt sich bis zum Rand von Ring 8. Die Breite entspricht dem Durchmesser von Ring 10.<\/p>\n<p>The overlay is simply placed on top of the target - no installation, easy handling, quick changing. Really simple. Really effective.<\/p>","protected":false},"excerpt":{"rendered":"<p>Eine 3d-gedruckte Auflage f\u00fcr Hit&amp;Miss Ziele um die Trefferfl\u00e4che auf eine \u201cPlus\u201d-Form zu verkleinern. Die freie Trefferfl\u00e4che erstreckt sich bis zum Rand von Ring 8. Die Breite entspricht dem Durchmesser von Ring 10.<\/p>\n<p>&nbsp;<\/p>\n<p>&#8212; Varianten f\u00fcr EcoAims LT600 und LT50, sowie das Pentashot Compact Target sind in Arbeit! &#8212;<\/p>","protected":false},"featured_media":54,"template":"","meta":{"neve_meta_sidebar":"","neve_meta_container":"","neve_meta_enable_content_width":"off","neve_meta_content_width":100,"neve_meta_title_alignment":"","neve_meta_author_avatar":"","neve_post_elements_order":"","neve_meta_disable_header":"","neve_meta_disable_footer":"","neve_meta_disable_title":""},"product_brand":[],"product_cat":[17],"product_tag":[18],"class_list":{"0":"post-26","1":"product","2":"type-product","3":"status-publish","4":"has-post-thumbnail","6":"product_cat-hitmiss-zielhilfe","7":"product_tag-hitmiss-zielhilfe-hitmiss-hit-miss-pentashot","9":"first","10":"instock","11":"taxable","12":"shipping-taxable","13":"purchasable","14":"product-type-variable"},"_links":{"self":[{"href":"https:\/\/laser-run-shop.de\/en\/wp-json\/wp\/v2\/product\/26","targetHints":{"allow":["GET"]}}],"collection":[{"href":"https:\/\/laser-run-shop.de\/en\/wp-json\/wp\/v2\/product"}],"about":[{"href":"https:\/\/laser-run-shop.de\/en\/wp-json\/wp\/v2\/types\/product"}],"wp:featuredmedia":[{"embeddable":true,"href":"https:\/\/laser-run-shop.de\/en\/wp-json\/wp\/v2\/media\/54"}],"wp:attachment":[{"href":"https:\/\/laser-run-shop.de\/en\/wp-json\/wp\/v2\/media?parent=26"}],"wp:term":[{"taxonomy":"product_brand","embeddable":true,"href":"https:\/\/laser-run-shop.de\/en\/wp-json\/wp\/v2\/product_brand?post=26"},{"taxonomy":"product_cat","embeddable":true,"href":"https:\/\/laser-run-shop.de\/en\/wp-json\/wp\/v2\/product_cat?post=26"},{"taxonomy":"product_tag","embeddable":true,"href":"https:\/\/laser-run-shop.de\/en\/wp-json\/wp\/v2\/product_tag?post=26"}],"curies":[{"name":"wp","href":"https:\/\/api.w.org\/{rel}","templated":true}]}}